
 







{"id":97,"date":"2019-05-17T10:01:01","date_gmt":"2019-05-17T10:01:01","guid":{"rendered":"http:\/\/blogs.amb.cat\/agenciaeconomica\/?page_id=97"},"modified":"2020-12-16T07:30:32","modified_gmt":"2020-12-16T07:30:32","slug":"qui-som","status":"publish","type":"page","link":"https:\/\/blogs.amb.cat\/agenciaeconomica\/ca\/qui-som\/","title":{"rendered":"Qui som?"},"content":{"rendered":"<p>Et trobes al Blog de l&#8217;Ag\u00e8ncia Metropolitana de Desenvolupament Econ\u00f2mic de l&#8217;AMB, un espai que busca donar a con\u00e8ixer els diferents projectes desenvolupats per la nostra entitat, que t\u00e9 un objectiu clar de donar resposta a les necessitats econ\u00f2miques i d&#8217;ocupaci\u00f3 comunes al territori metropolit\u00e0 posant el focus en el foment de la innovaci\u00f3 i la reindustrialitzaci\u00f3, la internacionalitzaci\u00f3 i la promoci\u00f3 i captaci\u00f3 de les inversions, a m\u00e9s d&#8217;impulsar el mercat de treball dels municipis i donar suport als serveis locals de promoci\u00f3 econ\u00f2mica.<\/p>\n<p>La creaci\u00f3 de l&#8217;Ag\u00e8ncia \u00e9s la manera d&#8217;organitzaci\u00f3 efectiva per materialitzar la resposta als desafiaments de la realitat social i econ\u00f2mica metropolitana. Tenint en compte l&#8217;abast dels diferents reptes que tenim avui a les ciutats metropolitanes, hi un consens sobre la necessitat d&#8217;adoptar un nivell de govern que reflecteixi la ciutat de facto, m\u00e9s enll\u00e0 de la ciutat administrativa. Aix\u00ed doncs, la informaci\u00f3 aqu\u00ed present \u00e9s d&#8217;inter\u00e8s tant per Ajuntaments i entitats locals com per empreses, emprenedoria o teixit econ\u00f2mic en general.<\/p>\n<p>D&#8217;aquesta manera, podr\u00e0s consultar les principals actuacions en mat\u00e8ria de:<\/p>\n<p>&#8211; Internacionalitzaci\u00f3 i Inversions<\/p>\n<p>&#8211; Empresa, PAE i mercat de Treball<\/p>\n<p>&#8211; Innovaci\u00f3 i tecnologia<\/p>\n<p>&#8211; Economies locals emergents<\/p>\n<p>Podeu trobar m\u00e9s informaci\u00f3 a\u00a0<a href=\"http:\/\/agenciaeconomica.amb.cat\/\">http:\/\/agenciaeconomica.amb.cat\/<\/a>\u00a0o a\u00a0<a class=\"ProfileHeaderCard-screennameLink u-linkComplex js-nav\" href=\"https:\/\/twitter.com\/AgenciaEconAMB\"><span class=\"username u-dir\" dir=\"ltr\">@<b class=\"u-linkComplex-target\">AgenciaEconAMB<\/b><\/span><\/a><\/p>\n<p style=\"text-align: left\">Esperem que us sigui \u00fatil<\/p>\n<p><a href=\"https:\/\/blogs.amb.cat\/agenciaeconomica\/wp-content\/uploads\/sites\/12\/2019\/04\/simbol-nou-ade@3x.png\"><img class=\"size-medium wp-image-86 aligncenter\" src=\"https:\/\/blogs.amb.cat\/agenciaeconomica\/wp-content\/uploads\/sites\/12\/2019\/04\/simbol-nou-ade@3x-300x300.png\" alt=\"simbol-nou-ade@3x\" width=\"300\" height=\"300\" srcset=\"https:\/\/blogs.amb.cat\/agenciaeconomica\/wp-content\/uploads\/sites\/12\/2019\/04\/simbol-nou-ade@3x-300x300.png 300w, https:\/\/blogs.amb.cat\/agenciaeconomica\/wp-content\/uploads\/sites\/12\/2019\/04\/simbol-nou-ade@3x-150x150.png 150w, https:\/\/blogs.amb.cat\/agenciaeconomica\/wp-content\/uploads\/sites\/12\/2019\/04\/simbol-nou-ade@3x.png 552w\" sizes=\"(max-width: 300px) 100vw, 300px\" \/><\/a><\/p>\n<p>&nbsp;<\/p>\n","protected":false},"excerpt":{"rendered":"<p>Et trobes al Blog de l&#8217;Ag\u00e8ncia Metropolitana de Desenvolupament Econ\u00f2mic de l&#8217;AMB, un espai que busca donar a con\u00e8ixer els diferents projectes desenvolupats per la nostra entitat, que t\u00e9 un objectiu clar de donar resposta a les necessitats econ\u00f2miques i d&#8217;ocupaci\u00f3 comunes al territori metropolit\u00e0 posant el focus en el foment de la innovaci\u00f3 i [&hellip;]<\/p>\n","protected":false},"author":1,"featured_media":123,"parent":0,"menu_order":0,"comment_status":"closed","ping_status":"open","template":"","meta":{"_oasis_is_in_workflow":0,"_oasis_original":0,"ngg_post_thumbnail":0},"_links":{"self":[{"href":"https:\/\/blogs.amb.cat\/agenciaeconomica\/wp-json\/wp\/v2\/pages\/97"}],"collection":[{"href":"https:\/\/blogs.amb.cat\/agenciaeconomica\/wp-json\/wp\/v2\/pages"}],"about":[{"href":"https:\/\/blogs.amb.cat\/agenciaeconomica\/wp-json\/wp\/v2\/types\/page"}],"author":[{"embeddable":true,"href":"https:\/\/blogs.amb.cat\/agenciaeconomica\/wp-json\/wp\/v2\/users\/1"}],"replies":[{"embeddable":true,"href":"https:\/\/blogs.amb.cat\/agenciaeconomica\/wp-json\/wp\/v2\/comments?post=97"}],"version-history":[{"count":3,"href":"https:\/\/blogs.amb.cat\/agenciaeconomica\/wp-json\/wp\/v2\/pages\/97\/revisions"}],"predecessor-version":[{"id":125,"href":"https:\/\/blogs.amb.cat\/agenciaeconomica\/wp-json\/wp\/v2\/pages\/97\/revisions\/125"}],"wp:featuredmedia":[{"embeddable":true,"href":"https:\/\/blogs.amb.cat\/agenciaeconomica\/wp-json\/wp\/v2\/media\/123"}],"wp:attachment":[{"href":"https:\/\/blogs.amb.cat\/agenciaeconomica\/wp-json\/wp\/v2\/media?parent=97"}],"curies":[{"name":"wp","href":"https:\/\/api.w.org\/{rel}","templated":true}]}}