
 







{"id":19,"date":"2015-03-25T13:34:53","date_gmt":"2015-03-25T13:34:53","guid":{"rendered":"http:\/\/blogs.amb.cat\/pmes\/?page_id=19"},"modified":"2020-12-16T07:24:45","modified_gmt":"2020-12-16T07:24:45","slug":"qui-som","status":"publish","type":"page","link":"https:\/\/blogs.amb.cat\/educacioambiental\/qui-som\/","title":{"rendered":"Qui som?"},"content":{"rendered":"<p>El Programa Metropolit\u00e0 d&#8217;Educaci\u00f3 per a la Sostenibilitat (PMES) de l&#8217;AMB t\u00e9 com a finalitat sensibilitzar i educar sobre <b>medi ambient, <\/b>fomentar <b>h\u00e0bits sostenibles<\/b>, promoure el <b>pensament cr\u00edtic<\/b> i oferir\u00a0a la ciutadania\u00a0<strong>les<\/strong> <b>eines i els valors<\/b> necessaris per forjar un <b>futur sostenible<\/b>.<\/p>\n<p>Els \u00a0principals objectius del PMES s\u00f3n donar a con\u00e8ixer la tasca que realitza l&#8217;AMB en mat\u00e8ria de sostenibilitat i estimular la <strong>participaci\u00f3 dels ciutadans i ciutadanes<\/strong>\u00a0en aquest \u00e0mbit. A trav\u00e9s d&#8217;aquest programa, l&#8217;AMB proposa pr\u00e0ctiques que afavoreixen un <strong>canvi en les decisions de consum individuals<\/strong> per tal que no es basin nom\u00e9s en beneficis econ\u00f2mics a curt termini, sin\u00f3 que tamb\u00e9 tinguin en compte altres aspectes com els costos ambientals i energ\u00e8tics o les emissions de CO<sub>2<\/sub>.<\/p>\n<p>Aquest blog \u00e9s una eina m\u00e9s per assolir els objectius del programa en el que hi trobar\u00e0s\u00a0diversos continguts\u00a0que aporten <strong>informaci\u00f3<\/strong>, <strong>reflexi\u00f3<\/strong> i <strong>recursos<\/strong> al voltant de l&#8217;educaci\u00f3 per a la sostenibilitat.<\/p>\n<p><a href=\"https:\/\/blogs.amb.cat\/pmes\/wp-content\/uploads\/sites\/2\/2015\/03\/FLETXA_PMES-CompartimFutur.png\"><img class=\" size-large wp-image-1036 aligncenter\" src=\"https:\/\/blogs.amb.cat\/pmes\/wp-content\/uploads\/sites\/2\/2015\/03\/FLETXA_PMES-CompartimFutur-1024x198.png\" alt=\"FLETXA_PMES+CompartimFutur\" width=\"640\" height=\"124\" srcset=\"https:\/\/blogs.amb.cat\/educacioambiental\/wp-content\/uploads\/sites\/2\/2015\/03\/FLETXA_PMES-CompartimFutur-1024x198.png 1024w, https:\/\/blogs.amb.cat\/educacioambiental\/wp-content\/uploads\/sites\/2\/2015\/03\/FLETXA_PMES-CompartimFutur-300x58.png 300w, https:\/\/blogs.amb.cat\/educacioambiental\/wp-content\/uploads\/sites\/2\/2015\/03\/FLETXA_PMES-CompartimFutur.png 1473w\" sizes=\"(max-width: 640px) 100vw, 640px\" \/><\/a><\/p>\n","protected":false},"excerpt":{"rendered":"<p>El Programa Metropolit\u00e0 d&#8217;Educaci\u00f3 per a la Sostenibilitat (PMES) de l&#8217;AMB t\u00e9 com a finalitat sensibilitzar i educar sobre medi ambient, fomentar h\u00e0bits sostenibles, promoure el pensament cr\u00edtic i oferir\u00a0a la ciutadania\u00a0les eines i els valors necessaris per forjar un futur sostenible. Els \u00a0principals objectius del PMES s\u00f3n donar a con\u00e8ixer la tasca que realitza [&hellip;]<\/p>\n","protected":false},"author":1,"featured_media":0,"parent":0,"menu_order":0,"comment_status":"closed","ping_status":"open","template":"","meta":{"_oasis_is_in_workflow":0,"_oasis_original":0,"ngg_post_thumbnail":0},"_links":{"self":[{"href":"https:\/\/blogs.amb.cat\/educacioambiental\/wp-json\/wp\/v2\/pages\/19"}],"collection":[{"href":"https:\/\/blogs.amb.cat\/educacioambiental\/wp-json\/wp\/v2\/pages"}],"about":[{"href":"https:\/\/blogs.amb.cat\/educacioambiental\/wp-json\/wp\/v2\/types\/page"}],"author":[{"embeddable":true,"href":"https:\/\/blogs.amb.cat\/educacioambiental\/wp-json\/wp\/v2\/users\/1"}],"replies":[{"embeddable":true,"href":"https:\/\/blogs.amb.cat\/educacioambiental\/wp-json\/wp\/v2\/comments?post=19"}],"version-history":[{"count":6,"href":"https:\/\/blogs.amb.cat\/educacioambiental\/wp-json\/wp\/v2\/pages\/19\/revisions"}],"predecessor-version":[{"id":1870,"href":"https:\/\/blogs.amb.cat\/educacioambiental\/wp-json\/wp\/v2\/pages\/19\/revisions\/1870"}],"wp:attachment":[{"href":"https:\/\/blogs.amb.cat\/educacioambiental\/wp-json\/wp\/v2\/media?parent=19"}],"curies":[{"name":"wp","href":"https:\/\/api.w.org\/{rel}","templated":true}]}}