
 







{"id":17,"date":"2018-02-19T14:32:00","date_gmt":"2018-02-19T14:32:00","guid":{"rendered":"http:\/\/blogs.amb.cat\/innoamb\/?page_id=17"},"modified":"2020-12-16T07:28:47","modified_gmt":"2020-12-16T07:28:47","slug":"qui-som","status":"publish","type":"page","link":"https:\/\/blogs.amb.cat\/innoamb\/ca\/qui-som\/","title":{"rendered":"Qui som"},"content":{"rendered":"<p>InnoAMB \u00e9s la <strong>plataforma d&#8217;impuls i suport a la innovaci\u00f3 de l&#8217;\u00c0rea Metropolitana de Barcelona.\u00a0<\/strong><\/p>\n<p>L&#8217;objectiu del programa \u00e9s donar suport a la difusi\u00f3 de projectes i activitats del territori en l&#8217;\u00e0mbit de la innovaci\u00f3: noves empreses emergents (start-ups), activitats i formaci\u00f3 per a emprenedors socials i, sobretot, la promoci\u00f3 del talent jove, tant d&#8217;estudiants de formaci\u00f3 professional com universitaris en situaci\u00f3 d&#8217;atur, a fi d&#8217;apropar-los al teixit empresarial metropolit\u00e0 i donar resposta i suport al llan\u00e7ament dels seus projectes innovadors.<\/p>\n<p>Aquesta acci\u00f3 est\u00e0 subvencionada pel Servei P\u00fablic d&#8217;Ocupaci\u00f3 de Catalunya en el marc dels Programes de suport al desenvolupament local<\/p>\n<p>L&#8217;equip t\u00e8cnic del programa InnoAMB es troba a:<\/p>\n<p>c\/60, n\u00fam 25-27 Edifici Z, D-11, Zona Franca<br \/>\n08040 Barcelona<\/p>\n<p><a title=\"Ubicaci\u00f3 \" href=\"https:\/\/goo.gl\/maps\/12T3CRiPNN82\" target=\"_blank\" rel=\"noopener noreferrer\">Veure ubicaci\u00f3 a Google Maps<\/a><\/p>\n","protected":false},"excerpt":{"rendered":"<p>InnoAMB \u00e9s la plataforma d&#8217;impuls i suport a la innovaci\u00f3 de l&#8217;\u00c0rea Metropolitana de Barcelona.\u00a0 L&#8217;objectiu del programa \u00e9s donar suport a la difusi\u00f3 de projectes i activitats del territori en l&#8217;\u00e0mbit de la innovaci\u00f3: noves empreses emergents (start-ups), activitats i formaci\u00f3 per a emprenedors socials i, sobretot, la promoci\u00f3 del talent jove, tant d&#8217;estudiants [&hellip;]<\/p>\n","protected":false},"author":1,"featured_media":0,"parent":0,"menu_order":0,"comment_status":"closed","ping_status":"closed","template":"","meta":{"_oasis_is_in_workflow":0,"_oasis_original":0,"ngg_post_thumbnail":0},"_links":{"self":[{"href":"https:\/\/blogs.amb.cat\/innoamb\/wp-json\/wp\/v2\/pages\/17"}],"collection":[{"href":"https:\/\/blogs.amb.cat\/innoamb\/wp-json\/wp\/v2\/pages"}],"about":[{"href":"https:\/\/blogs.amb.cat\/innoamb\/wp-json\/wp\/v2\/types\/page"}],"author":[{"embeddable":true,"href":"https:\/\/blogs.amb.cat\/innoamb\/wp-json\/wp\/v2\/users\/1"}],"replies":[{"embeddable":true,"href":"https:\/\/blogs.amb.cat\/innoamb\/wp-json\/wp\/v2\/comments?post=17"}],"version-history":[{"count":6,"href":"https:\/\/blogs.amb.cat\/innoamb\/wp-json\/wp\/v2\/pages\/17\/revisions"}],"predecessor-version":[{"id":1841,"href":"https:\/\/blogs.amb.cat\/innoamb\/wp-json\/wp\/v2\/pages\/17\/revisions\/1841"}],"wp:attachment":[{"href":"https:\/\/blogs.amb.cat\/innoamb\/wp-json\/wp\/v2\/media?parent=17"}],"curies":[{"name":"wp","href":"https:\/\/api.w.org\/{rel}","templated":true}]}}