
 







{"id":385,"date":"2018-01-15T12:31:45","date_gmt":"2018-01-15T12:31:45","guid":{"rendered":"http:\/\/blogs.amb.cat\/tenimdrets\/?page_id=385"},"modified":"2020-12-16T07:22:10","modified_gmt":"2020-12-16T07:22:10","slug":"edicions-anteriors","status":"publish","type":"page","link":"https:\/\/blogs.amb.cat\/tenimdrets\/ca\/edicions-anteriors\/","title":{"rendered":"Edicions Anteriors"},"content":{"rendered":"<p><span style=\"text-decoration: underline\"><strong>1a Edici\u00f3 2016-2017: Els drets de les persones refugiades<\/strong><\/span><\/p>\n<p>Enguany, compromesos amb la crisi de la Mediterr\u00e0nia, el programa es focalitza en els drets humans dels refugiats.<\/p>\n<p>El conflicte b\u00e8l\u00b7lic de S\u00edria, iniciat el 2011, ha provocat 7,6 milions de persones despla\u00e7ades internes i 4 milions de refugiades, segons dades de l&#8217;<a href=\"https:\/\/eacnur.org\/es?gclid=CNHjqYrIztICFU5uGwody8EKSw\">ACNUR<\/a>. D\u2019aquestes, la majoria s\u2019han quedat en pa\u00efsos fronterers com Turquia o el L\u00edban, on sobreviuen en camps o assentaments amb l\u2019esperan\u00e7a de tornar a les seves llars. La resta han empr\u00e8s un viatge m\u00e9s llarg i ple de riscos per terra o travessant el Mediterrani.<\/p>\n<p style=\"text-align: center\">\u00a0<a href=\"https:\/\/blogs.amb.cat\/tenimdrets\/wp-content\/uploads\/sites\/4\/2017\/06\/20170515_cloenda-tenim-drets.jpg\"><img class=\"alignnone  wp-image-332\" src=\"https:\/\/blogs.amb.cat\/tenimdrets\/wp-content\/uploads\/sites\/4\/2017\/06\/20170515_cloenda-tenim-drets-300x225.jpg\" alt=\"20170515_cloenda tenim drets\" width=\"470\" height=\"352\" srcset=\"https:\/\/blogs.amb.cat\/tenimdrets\/wp-content\/uploads\/sites\/4\/2017\/06\/20170515_cloenda-tenim-drets-300x225.jpg 300w, https:\/\/blogs.amb.cat\/tenimdrets\/wp-content\/uploads\/sites\/4\/2017\/06\/20170515_cloenda-tenim-drets-1024x768.jpg 1024w, https:\/\/blogs.amb.cat\/tenimdrets\/wp-content\/uploads\/sites\/4\/2017\/06\/20170515_cloenda-tenim-drets-640x480.jpg 640w, https:\/\/blogs.amb.cat\/tenimdrets\/wp-content\/uploads\/sites\/4\/2017\/06\/20170515_cloenda-tenim-drets.jpg 1600w\" sizes=\"(max-width: 470px) 100vw, 470px\" \/><\/a><\/p>\n<p style=\"text-align: left\">\u00a0Des dels municipis podem contribuir a garantir els drets humans. Ens sentim compromesos amb la crisi dels refugiats i volem actuar des del nostre territori.<\/p>\n<p>Per aix\u00f2 estem desenvolupant activitats i tallers de conscienciaci\u00f3 i sensibilitzaci\u00f3 per a totes les edats, en els municipis metropolitans. L&#8217;objectiu \u00e9s promoure la consci\u00e8ncia cr\u00edtica i el comprom\u00eds de la ciutadania envers les desigualtats i els conflictes globals, per afavorir la transformaci\u00f3 social.<\/p>\n<p>&nbsp;<\/p>\n<p><span style=\"text-decoration: underline\"><strong>2a Edici\u00f3 2017 &#8211; 2018: El Dret a la Sostenibilitat Ambiental i les Persones Refugiades<\/strong><\/span><\/p>\n<p>En l\u2019edici\u00f3 d\u2019aquest any, volem fer una <strong>aposta per treballar en la relaci\u00f3 del dret d\u2019asil, el dret al medi ambient, el dret a la salut i el dret a la ciutat<\/strong>. Per fer-ho, com a tots els projectes que es desenvolupen d\u2019educaci\u00f3 per la ciutadania global, ens sembla de vital import\u00e0ncia <strong>relacionar una mirada global amb una mirada local de les problem\u00e0tiques existents<\/strong>. El fet de poder ser capa\u00e7 d\u2019analitzar una problem\u00e0tica que succeeix al teu municipi i relacionar-ho amb un conflicte global, \u00e9s de vital import\u00e0ncia per a descobrir les causes i conseq\u00fc\u00e8ncies de moltes pol\u00edtiques que es realitzen. En aquest document, procedirem a explicar de forma detallada els drets que volem promoure i donar coneixement, aix\u00ed com, quina estrat\u00e8gia proposem per realitzar-ho.<\/p>\n<p><strong>\u00a0Com gestionem les armilles i restes dels bots salvavides que s&#8217;acumulen a les platges de Lesbos? Com gestionem la recollida de residus als campaments de persones refugiades al L\u00edban? Quins residus generem?\u00a0<\/strong><strong>Quina gesti\u00f3 en fem?\u00a0<\/strong><strong>Quin model de consum tenim?<\/strong><\/p>\n<p>Moltes preguntes, que en aquesta edici\u00f3 respondrem.<\/p>\n<p style=\"text-align: center\"><a href=\"https:\/\/blogs.amb.cat\/tenimdrets\/wp-content\/uploads\/sites\/4\/2018\/05\/IMG-20180505-WA0024.jpg\"><img class=\"alignnone size-medium wp-image-799\" src=\"https:\/\/blogs.amb.cat\/tenimdrets\/wp-content\/uploads\/sites\/4\/2018\/05\/IMG-20180505-WA0024-300x169.jpg\" alt=\"IMG-20180505-WA0024\" width=\"300\" height=\"169\" srcset=\"https:\/\/blogs.amb.cat\/tenimdrets\/wp-content\/uploads\/sites\/4\/2018\/05\/IMG-20180505-WA0024-300x169.jpg 300w, https:\/\/blogs.amb.cat\/tenimdrets\/wp-content\/uploads\/sites\/4\/2018\/05\/IMG-20180505-WA0024-1024x576.jpg 1024w, https:\/\/blogs.amb.cat\/tenimdrets\/wp-content\/uploads\/sites\/4\/2018\/05\/IMG-20180505-WA0024.jpg 1600w\" sizes=\"(max-width: 300px) 100vw, 300px\" \/><\/a><\/p>\n<p>&nbsp;<\/p>\n","protected":false},"excerpt":{"rendered":"<p>1a Edici\u00f3 2016-2017: Els drets de les persones refugiades Enguany, compromesos amb la crisi de la Mediterr\u00e0nia, el programa es focalitza en els drets humans dels refugiats. El conflicte b\u00e8l\u00b7lic de S\u00edria, iniciat el 2011, ha provocat 7,6 milions de persones despla\u00e7ades internes i 4 milions de refugiades, segons dades de l&#8217;ACNUR. D\u2019aquestes, la majoria [&hellip;]<\/p>\n","protected":false},"author":11,"featured_media":0,"parent":0,"menu_order":0,"comment_status":"closed","ping_status":"open","template":"","meta":{"_oasis_is_in_workflow":0,"_oasis_original":0,"ngg_post_thumbnail":0},"_links":{"self":[{"href":"https:\/\/blogs.amb.cat\/tenimdrets\/wp-json\/wp\/v2\/pages\/385"}],"collection":[{"href":"https:\/\/blogs.amb.cat\/tenimdrets\/wp-json\/wp\/v2\/pages"}],"about":[{"href":"https:\/\/blogs.amb.cat\/tenimdrets\/wp-json\/wp\/v2\/types\/page"}],"author":[{"embeddable":true,"href":"https:\/\/blogs.amb.cat\/tenimdrets\/wp-json\/wp\/v2\/users\/11"}],"replies":[{"embeddable":true,"href":"https:\/\/blogs.amb.cat\/tenimdrets\/wp-json\/wp\/v2\/comments?post=385"}],"version-history":[{"count":6,"href":"https:\/\/blogs.amb.cat\/tenimdrets\/wp-json\/wp\/v2\/pages\/385\/revisions"}],"predecessor-version":[{"id":828,"href":"https:\/\/blogs.amb.cat\/tenimdrets\/wp-json\/wp\/v2\/pages\/385\/revisions\/828"}],"wp:attachment":[{"href":"https:\/\/blogs.amb.cat\/tenimdrets\/wp-json\/wp\/v2\/media?parent=385"}],"curies":[{"name":"wp","href":"https:\/\/api.w.org\/{rel}","templated":true}]}}