
 







{"id":57,"date":"2017-02-02T10:20:21","date_gmt":"2017-02-02T10:20:21","guid":{"rendered":"http:\/\/blogs.amb.cat\/tenimdrets\/?page_id=57"},"modified":"2020-12-16T07:22:10","modified_gmt":"2020-12-16T07:22:10","slug":"contacte","status":"publish","type":"page","link":"https:\/\/blogs.amb.cat\/tenimdrets\/ca\/contacte\/","title":{"rendered":"Contacte"},"content":{"rendered":"<p>Si voleu\u00a0participar en alguna de les nostres activitats o per a m\u00e9s informaci\u00f3:<\/p>\n<p>Correu electr\u00f2nic:\u00a0<a href=\"mailto:tenimdrets@amb.cat\">tenimdrets@amb.cat<\/a><\/p>\n<p>&nbsp;<\/p>\n<p style=\"text-align: center\"><a href=\"https:\/\/blogs.amb.cat\/tenimdrets\/wp-content\/uploads\/sites\/4\/2017\/02\/Sin-t\u00edtulo.png\"><img class=\"alignnone size-medium wp-image-825\" src=\"https:\/\/blogs.amb.cat\/tenimdrets\/wp-content\/uploads\/sites\/4\/2017\/02\/Sin-t\u00edtulo-300x185.png\" alt=\"Sin t\u00edtulo\" width=\"300\" height=\"185\" srcset=\"https:\/\/blogs.amb.cat\/tenimdrets\/wp-content\/uploads\/sites\/4\/2017\/02\/Sin-t\u00edtulo-300x185.png 300w, https:\/\/blogs.amb.cat\/tenimdrets\/wp-content\/uploads\/sites\/4\/2017\/02\/Sin-t\u00edtulo.png 896w\" sizes=\"(max-width: 300px) 100vw, 300px\" \/><\/a><a href=\"https:\/\/blogs.amb.cat\/tenimdrets\/wp-content\/uploads\/sites\/4\/2017\/01\/Cap\u00e7alerab1.png\"><br \/>\n<\/a><\/p>\n","protected":false},"excerpt":{"rendered":"<p>Si voleu\u00a0participar en alguna de les nostres activitats o per a m\u00e9s informaci\u00f3: Correu electr\u00f2nic:\u00a0tenimdrets@amb.cat &nbsp;<\/p>\n","protected":false},"author":11,"featured_media":0,"parent":0,"menu_order":0,"comment_status":"closed","ping_status":"open","template":"","meta":{"_oasis_is_in_workflow":0,"_oasis_original":0,"ngg_post_thumbnail":0},"_links":{"self":[{"href":"https:\/\/blogs.amb.cat\/tenimdrets\/wp-json\/wp\/v2\/pages\/57"}],"collection":[{"href":"https:\/\/blogs.amb.cat\/tenimdrets\/wp-json\/wp\/v2\/pages"}],"about":[{"href":"https:\/\/blogs.amb.cat\/tenimdrets\/wp-json\/wp\/v2\/types\/page"}],"author":[{"embeddable":true,"href":"https:\/\/blogs.amb.cat\/tenimdrets\/wp-json\/wp\/v2\/users\/11"}],"replies":[{"embeddable":true,"href":"https:\/\/blogs.amb.cat\/tenimdrets\/wp-json\/wp\/v2\/comments?post=57"}],"version-history":[{"count":5,"href":"https:\/\/blogs.amb.cat\/tenimdrets\/wp-json\/wp\/v2\/pages\/57\/revisions"}],"predecessor-version":[{"id":826,"href":"https:\/\/blogs.amb.cat\/tenimdrets\/wp-json\/wp\/v2\/pages\/57\/revisions\/826"}],"wp:attachment":[{"href":"https:\/\/blogs.amb.cat\/tenimdrets\/wp-json\/wp\/v2\/media?parent=57"}],"curies":[{"name":"wp","href":"https:\/\/api.w.org\/{rel}","templated":true}]}}